{"id":2,"date":"2022-07-12T08:49:59","date_gmt":"2022-07-12T08:49:59","guid":{"rendered":"http:\/\/phare.ms.decms.eu\/?page_id=2"},"modified":"2024-02-19T12:39:19","modified_gmt":"2024-02-19T12:39:19","slug":"sample-page","status":"publish","type":"page","link":"https:\/\/www.hotel-royalphare-paris.com\/en\/","title":{"rendered":"Your hotel in Paris"},"content":{"rendered":"<p style=\"text-align: center\">Located in the heart of Paris , on the left bank , Hotel Royal Phare is just a 7 minutes\u2019 walk from the Eiffel Tower and nearby a variety of other attractions like the Military School, the Invalides and lots of other museums in addition to a number of nice eateries, bars, cafeterias and cozy restaurants.<\/p>\n<p style=\"text-align: center\">Our 28 rooms are completely refurbished with an excellent soundproofing system with a free Wi-Fi access.<\/p>\n<p style=\"text-align: center\">Every room of ours is equipped with a flat screen TV, a mini-bar, kettle, welcome tray, individually controllable air-conditioners, hair-dryers, electronic safety boxes and much more offering absolute comfort to our valued guests.<\/p>\n<p style=\"text-align: center\">A continental, elaborate buffet breakfast is served every morning.<\/p>\n<p style=\"text-align: center\"><span data-sheets-value=\"{&quot;1&quot;:2,&quot;2&quot;:&quot;\\n\\nLocated in the heart of Paris , on the left\\nbank , Hotel Royal Phare is just a 7 minutes\u2019 walk from the Eiffel Tower and\\nnearby a variety of other attractions like the Military School , the Invalides\\nand lots of other museums in addition to a number of nice eateries , bars ,\\ncafeterias and cozy restaurants .\\n\\nOur rooms are completely refurbished with an\\nexcellent soundproofing system with a free Wi-Fi access. \\n\\nEvery room of ours is equipped with a flat\\nscreen TV, a mini-bar, kettle, welcome tray, individually controllable\\nair-conditioners, hair-dryers, electronic safety boxes and much more offering\\nabsolute comfort to our valued guests.\\n\\nA continental, elaborate buffet breakfast is\\nserved every morning.\\n\\nOur front-desk is open 24 hours, 7 days a week\\nand for guests who prefer using the public transportation to visit this\\nbeautiful capital can hop onto a metro right in front of the hotel; the name of\\nthe subway station is \u201cECOLE MILITAIRE\u201d on the line number 8, providing direct links to Opera\\nGarnier, Galeries Lafayette and Concorde.\\n\\nThere is a famous epicurean landmark, the \u201cRUE\\nCLER\u201d which is just a few meters away from our establishment.\\n\\nMoreover, business travelers especially appreciate\\nthe location as the \u201cPalais \u00c9ph\u00e9m\u00e8re\u201d is just a 5 minutes\u2019 walk from our place,\\n\u201cPorte de Versailles\u201d just 3 kilometers away and other trade show and\\nexhibition venues easily accessible via public transport from our location. \\n\\nSo come, live an unforgettable experience in\\nthe most visited city of romance. \\n\\n\u00a0&quot;}\" data-sheets-userformat=\"{&quot;2&quot;:12863,&quot;3&quot;:{&quot;1&quot;:0},&quot;4&quot;:{&quot;1&quot;:2,&quot;2&quot;:14281427},&quot;5&quot;:{&quot;1&quot;:[{&quot;1&quot;:2,&quot;2&quot;:0,&quot;5&quot;:{&quot;1&quot;:2,&quot;2&quot;:0}},{&quot;1&quot;:0,&quot;2&quot;:0,&quot;3&quot;:3},{&quot;1&quot;:1,&quot;2&quot;:0,&quot;4&quot;:1}]},&quot;6&quot;:{&quot;1&quot;:[{&quot;1&quot;:2,&quot;2&quot;:0,&quot;5&quot;:{&quot;1&quot;:2,&quot;2&quot;:0}},{&quot;1&quot;:0,&quot;2&quot;:0,&quot;3&quot;:3},{&quot;1&quot;:1,&quot;2&quot;:0,&quot;4&quot;:1}]},&quot;7&quot;:{&quot;1&quot;:[{&quot;1&quot;:2,&quot;2&quot;:0,&quot;5&quot;:{&quot;1&quot;:2,&quot;2&quot;:0}},{&quot;1&quot;:0,&quot;2&quot;:0,&quot;3&quot;:3},{&quot;1&quot;:1,&quot;2&quot;:0,&quot;4&quot;:1}]},&quot;8&quot;:{&quot;1&quot;:[{&quot;1&quot;:2,&quot;2&quot;:0,&quot;5&quot;:{&quot;1&quot;:2,&quot;2&quot;:0}},{&quot;1&quot;:0,&quot;2&quot;:0,&quot;3&quot;:3},{&quot;1&quot;:1,&quot;2&quot;:0,&quot;4&quot;:1}]},&quot;12&quot;:0,&quot;15&quot;:&quot;Calibri&quot;,&quot;16&quot;:12}\">Our front-desk is open 24 hours, 7 days a week and for guests who prefer using the public transportation to visit this beautiful capital can hop onto a metro right in front of the hotel; t<\/span><span data-sheets-value=\"{&quot;1&quot;:2,&quot;2&quot;:&quot;\\n\\nLocated in the heart of Paris , on the left\\nbank , Hotel Royal Phare is just a 7 minutes\u2019 walk from the Eiffel Tower and\\nnearby a variety of other attractions like the Military School , the Invalides\\nand lots of other museums in addition to a number of nice eateries , bars ,\\ncafeterias and cozy restaurants .\\n\\nOur rooms are completely refurbished with an\\nexcellent soundproofing system with a free Wi-Fi access. \\n\\nEvery room of ours is equipped with a flat\\nscreen TV, a mini-bar, kettle, welcome tray, individually controllable\\nair-conditioners, hair-dryers, electronic safety boxes and much more offering\\nabsolute comfort to our valued guests.\\n\\nA continental, elaborate buffet breakfast is\\nserved every morning.\\n\\nOur front-desk is open 24 hours, 7 days a week\\nand for guests who prefer using the public transportation to visit this\\nbeautiful capital can hop onto a metro right in front of the hotel; the name of\\nthe subway station is \u201cECOLE MILITAIRE\u201d on the line number 8, providing direct links to Opera\\nGarnier, Galeries Lafayette and Concorde.\\n\\nThere is a famous epicurean landmark, the \u201cRUE\\nCLER\u201d which is just a few meters away from our establishment.\\n\\nMoreover, business travelers especially appreciate\\nthe location as the \u201cPalais \u00c9ph\u00e9m\u00e8re\u201d is just a 5 minutes\u2019 walk from our place,\\n\u201cPorte de Versailles\u201d just 3 kilometers away and other trade show and\\nexhibition venues easily accessible via public transport from our location. \\n\\nSo come, live an unforgettable experience in\\nthe most visited city of romance. \\n\\n\u00a0&quot;}\" data-sheets-userformat=\"{&quot;2&quot;:12863,&quot;3&quot;:{&quot;1&quot;:0},&quot;4&quot;:{&quot;1&quot;:2,&quot;2&quot;:14281427},&quot;5&quot;:{&quot;1&quot;:[{&quot;1&quot;:2,&quot;2&quot;:0,&quot;5&quot;:{&quot;1&quot;:2,&quot;2&quot;:0}},{&quot;1&quot;:0,&quot;2&quot;:0,&quot;3&quot;:3},{&quot;1&quot;:1,&quot;2&quot;:0,&quot;4&quot;:1}]},&quot;6&quot;:{&quot;1&quot;:[{&quot;1&quot;:2,&quot;2&quot;:0,&quot;5&quot;:{&quot;1&quot;:2,&quot;2&quot;:0}},{&quot;1&quot;:0,&quot;2&quot;:0,&quot;3&quot;:3},{&quot;1&quot;:1,&quot;2&quot;:0,&quot;4&quot;:1}]},&quot;7&quot;:{&quot;1&quot;:[{&quot;1&quot;:2,&quot;2&quot;:0,&quot;5&quot;:{&quot;1&quot;:2,&quot;2&quot;:0}},{&quot;1&quot;:0,&quot;2&quot;:0,&quot;3&quot;:3},{&quot;1&quot;:1,&quot;2&quot;:0,&quot;4&quot;:1}]},&quot;8&quot;:{&quot;1&quot;:[{&quot;1&quot;:2,&quot;2&quot;:0,&quot;5&quot;:{&quot;1&quot;:2,&quot;2&quot;:0}},{&quot;1&quot;:0,&quot;2&quot;:0,&quot;3&quot;:3},{&quot;1&quot;:1,&quot;2&quot;:0,&quot;4&quot;:1}]},&quot;12&quot;:0,&quot;15&quot;:&quot;Calibri&quot;,&quot;16&quot;:12}\">he name of the subway station is \u201cECOLE MILITAIRE\u201d on the line number 8, providing direct links to Opera Garnier, Galeries Lafayette and Concorde.<\/span><\/p>\n<p style=\"text-align: center\">There is a famous epicurean landmark, the \u201cRUE CLER\u201d which is just a few meters away from our establishment.<\/p>\n<p style=\"text-align: center\">Moreover, business travelers especially appreciate the location as the \u201cPalais \u00c9ph\u00e9m\u00e8re\u201d is just a 5 minutes\u2019 walk from our place, \u201cPorte de Versailles\u201d just 3 kilometers away and other trade show and exhibition venues easily accessible via public transport from our location.<\/p>\n<p style=\"text-align: center\">So come, live an unforgettable experience in the most visited city of romance.<\/p>\n","protected":false},"excerpt":{"rendered":"<p>Located in the heart of Paris , on the left bank , Hotel Royal Phare is just a 7 minutes\u2019 walk from the Eiffel Tower and nearby a variety of other attractions like the Military School, the Invalides and lots of other museums in addition to a number of nice eateries, bars, cafeterias and cozy [&hellip;]<\/p>\n","protected":false},"author":46,"featured_media":0,"parent":0,"menu_order":10,"comment_status":"closed","ping_status":"closed","template":"","meta":{"footnotes":""},"class_list":["post-2","page","type-page","status-publish","hentry"],"yoast_head":"<!-- This site is optimized with the Yoast SEO plugin v26.9 - https:\/\/yoast.com\/product\/yoast-seo-wordpress\/ -->\n<title>Your hotel in Paris - Hotel Royal Phare<\/title>\n<meta name=\"description\" content=\"Located in the heart of Paris , on the left bank , Hotel Royal Phare is just a 7 minutes\u2019 walk from the Eiffel Tower and nearby a variety of other\" \/>\n<meta name=\"robots\" content=\"index, follow, max-snippet:-1, max-image-preview:large, max-video-preview:-1\" \/>\n<link rel=\"canonical\" href=\"https:\/\/www.hotel-royalphare-paris.com\/en\/\" \/>\n<meta property=\"og:locale\" content=\"en_US\" \/>\n<meta property=\"og:type\" content=\"article\" \/>\n<meta property=\"og:title\" content=\"Your hotel in Paris - Hotel Royal Phare\" \/>\n<meta property=\"og:description\" content=\"Located in the heart of Paris , on the left bank , Hotel Royal Phare is just a 7 minutes\u2019 walk from the Eiffel Tower and nearby a variety of other\" \/>\n<meta property=\"og:url\" content=\"https:\/\/www.hotel-royalphare-paris.com\/en\/\" \/>\n<meta property=\"og:site_name\" content=\"Hotel Royal Phare\" \/>\n<meta property=\"article:modified_time\" content=\"2024-02-19T12:39:19+00:00\" \/>\n<meta name=\"twitter:card\" content=\"summary_large_image\" \/>\n<meta name=\"twitter:label1\" content=\"Est. reading time\" \/>\n\t<meta name=\"twitter:data1\" content=\"2 minutes\" \/>\n<script type=\"application\/ld+json\" class=\"yoast-schema-graph\">{\"@context\":\"https:\/\/schema.org\",\"@graph\":[{\"@type\":\"WebPage\",\"@id\":\"https:\/\/www.hotel-royalphare-paris.com\/en\/\",\"url\":\"https:\/\/www.hotel-royalphare-paris.com\/en\/\",\"name\":\"Your hotel in Paris - Hotel Royal Phare\",\"isPartOf\":{\"@id\":\"http:\/\/www.hotel-royalphare-paris.com\/en\/#website\"},\"datePublished\":\"2022-07-12T08:49:59+00:00\",\"dateModified\":\"2024-02-19T12:39:19+00:00\",\"description\":\"Located in the heart of Paris , on the left bank , Hotel Royal Phare is just a 7 minutes\u2019 walk from the Eiffel Tower and nearby a variety of other\",\"breadcrumb\":{\"@id\":\"https:\/\/www.hotel-royalphare-paris.com\/en\/#breadcrumb\"},\"inLanguage\":\"en-US\",\"potentialAction\":[{\"@type\":\"ReadAction\",\"target\":[\"https:\/\/www.hotel-royalphare-paris.com\/en\/\"]}]},{\"@type\":\"BreadcrumbList\",\"@id\":\"https:\/\/www.hotel-royalphare-paris.com\/en\/#breadcrumb\",\"itemListElement\":[{\"@type\":\"ListItem\",\"position\":1,\"name\":\"Home\",\"item\":\"https:\/\/www.hotel-royalphare-paris.com\/en\/\"},{\"@type\":\"ListItem\",\"position\":2,\"name\":\"Your hotel in Paris\"}]},{\"@type\":\"WebSite\",\"@id\":\"http:\/\/www.hotel-royalphare-paris.com\/en\/#website\",\"url\":\"http:\/\/www.hotel-royalphare-paris.com\/en\/\",\"name\":\"Hotel Royal Phare\",\"description\":\"\",\"potentialAction\":[{\"@type\":\"SearchAction\",\"target\":{\"@type\":\"EntryPoint\",\"urlTemplate\":\"http:\/\/www.hotel-royalphare-paris.com\/en\/?s={search_term_string}\"},\"query-input\":{\"@type\":\"PropertyValueSpecification\",\"valueRequired\":true,\"valueName\":\"search_term_string\"}}],\"inLanguage\":\"en-US\"}]}<\/script>\n<!-- \/ Yoast SEO plugin. -->","yoast_head_json":{"title":"Your hotel in Paris - Hotel Royal Phare","description":"Located in the heart of Paris , on the left bank , Hotel Royal Phare is just a 7 minutes\u2019 walk from the Eiffel Tower and nearby a variety of other","robots":{"index":"index","follow":"follow","max-snippet":"max-snippet:-1","max-image-preview":"max-image-preview:large","max-video-preview":"max-video-preview:-1"},"canonical":"https:\/\/www.hotel-royalphare-paris.com\/en\/","og_locale":"en_US","og_type":"article","og_title":"Your hotel in Paris - Hotel Royal Phare","og_description":"Located in the heart of Paris , on the left bank , Hotel Royal Phare is just a 7 minutes\u2019 walk from the Eiffel Tower and nearby a variety of other","og_url":"https:\/\/www.hotel-royalphare-paris.com\/en\/","og_site_name":"Hotel Royal Phare","article_modified_time":"2024-02-19T12:39:19+00:00","twitter_card":"summary_large_image","twitter_misc":{"Est. reading time":"2 minutes"},"schema":{"@context":"https:\/\/schema.org","@graph":[{"@type":"WebPage","@id":"https:\/\/www.hotel-royalphare-paris.com\/en\/","url":"https:\/\/www.hotel-royalphare-paris.com\/en\/","name":"Your hotel in Paris - Hotel Royal Phare","isPartOf":{"@id":"http:\/\/www.hotel-royalphare-paris.com\/en\/#website"},"datePublished":"2022-07-12T08:49:59+00:00","dateModified":"2024-02-19T12:39:19+00:00","description":"Located in the heart of Paris , on the left bank , Hotel Royal Phare is just a 7 minutes\u2019 walk from the Eiffel Tower and nearby a variety of other","breadcrumb":{"@id":"https:\/\/www.hotel-royalphare-paris.com\/en\/#breadcrumb"},"inLanguage":"en-US","potentialAction":[{"@type":"ReadAction","target":["https:\/\/www.hotel-royalphare-paris.com\/en\/"]}]},{"@type":"BreadcrumbList","@id":"https:\/\/www.hotel-royalphare-paris.com\/en\/#breadcrumb","itemListElement":[{"@type":"ListItem","position":1,"name":"Home","item":"https:\/\/www.hotel-royalphare-paris.com\/en\/"},{"@type":"ListItem","position":2,"name":"Your hotel in Paris"}]},{"@type":"WebSite","@id":"http:\/\/www.hotel-royalphare-paris.com\/en\/#website","url":"http:\/\/www.hotel-royalphare-paris.com\/en\/","name":"Hotel Royal Phare","description":"","potentialAction":[{"@type":"SearchAction","target":{"@type":"EntryPoint","urlTemplate":"http:\/\/www.hotel-royalphare-paris.com\/en\/?s={search_term_string}"},"query-input":{"@type":"PropertyValueSpecification","valueRequired":true,"valueName":"search_term_string"}}],"inLanguage":"en-US"}]}},"acf":[],"_links":{"self":[{"href":"https:\/\/www.hotel-royalphare-paris.com\/en\/wp-json\/wp\/v2\/pages\/2","targetHints":{"allow":["GET"]}}],"collection":[{"href":"https:\/\/www.hotel-royalphare-paris.com\/en\/wp-json\/wp\/v2\/pages"}],"about":[{"href":"https:\/\/www.hotel-royalphare-paris.com\/en\/wp-json\/wp\/v2\/types\/page"}],"author":[{"embeddable":true,"href":"https:\/\/www.hotel-royalphare-paris.com\/en\/wp-json\/wp\/v2\/users\/46"}],"replies":[{"embeddable":true,"href":"https:\/\/www.hotel-royalphare-paris.com\/en\/wp-json\/wp\/v2\/comments?post=2"}],"version-history":[{"count":0,"href":"https:\/\/www.hotel-royalphare-paris.com\/en\/wp-json\/wp\/v2\/pages\/2\/revisions"}],"wp:attachment":[{"href":"https:\/\/www.hotel-royalphare-paris.com\/en\/wp-json\/wp\/v2\/media?parent=2"}],"curies":[{"name":"wp","href":"https:\/\/api.w.org\/{rel}","templated":true}]}}